{"id":236,"date":"2018-03-01T18:47:38","date_gmt":"2018-03-01T17:47:38","guid":{"rendered":"http:\/\/urlaub-leitner.at\/wordpress\/?page_id=236"},"modified":"2018-03-01T18:59:10","modified_gmt":"2018-03-01T17:59:10","slug":"umgebung","status":"publish","type":"page","link":"https:\/\/urlaub-leitner.at\/wordpress\/index.php\/umgebung\/","title":{"rendered":"Umgebung"},"content":{"rendered":"<p><img loading=\"lazy\" decoding=\"async\" class=\"aligncenter wp-image-247\" src=\"http:\/\/urlaub-leitner.at\/wordpress\/wp-content\/uploads\/2018\/03\/Rafting-Bahn.jpg\" alt=\"\" width=\"1600\" height=\"802\" srcset=\"https:\/\/urlaub-leitner.at\/wordpress\/wp-content\/uploads\/2018\/03\/Rafting-Bahn.jpg 1920w, https:\/\/urlaub-leitner.at\/wordpress\/wp-content\/uploads\/2018\/03\/Rafting-Bahn-300x150.jpg 300w, https:\/\/urlaub-leitner.at\/wordpress\/wp-content\/uploads\/2018\/03\/Rafting-Bahn-768x385.jpg 768w, https:\/\/urlaub-leitner.at\/wordpress\/wp-content\/uploads\/2018\/03\/Rafting-Bahn-1024x513.jpg 1024w\" sizes=\"auto, (max-width: 1600px) 100vw, 1600px\" \/><\/p>\n<p><strong>Freizeitm\u00f6glichk<\/strong><strong>eiten im Ort!<\/strong><\/p>\n<p><u>Sommer:<\/u><\/p>\n<p>Badesee mit Kinder-Rafting Bahn, Beachvolleyball, Tennis, Minigolf<\/p>\n<p>Kletterwald f\u00fcr Jung und Alt<\/p>\n<p>Bergroller Verleih (9km Abfahrt!)<\/p>\n<p>Tier- und Spielpark<\/p>\n<p><u>Winter:<\/u><\/p>\n<p>Skischaukel Bichlbach-Berwang-Rinnen, Langlaufloipen, Rodelm\u00f6glichkeiten<\/p>\n<p>Skischule f\u00fcr Ski Alpin, Snowboard und Langlauf \/ Bobos Kinder Skischule<\/p>\n<p>Eislaufplatz, Eisstockschie\u00dfen<\/p>\n<p>&nbsp;<\/p>\n<p>&nbsp;<\/p>\n<p><img loading=\"lazy\" decoding=\"async\" class=\"aligncenter wp-image-239\" src=\"http:\/\/urlaub-leitner.at\/wordpress\/wp-content\/uploads\/2018\/03\/seebensee-zugspitz-arena.jpg\" alt=\"\" width=\"1600\" height=\"1067\" srcset=\"https:\/\/urlaub-leitner.at\/wordpress\/wp-content\/uploads\/2018\/03\/seebensee-zugspitz-arena.jpg 1800w, https:\/\/urlaub-leitner.at\/wordpress\/wp-content\/uploads\/2018\/03\/seebensee-zugspitz-arena-300x200.jpg 300w, https:\/\/urlaub-leitner.at\/wordpress\/wp-content\/uploads\/2018\/03\/seebensee-zugspitz-arena-768x512.jpg 768w, https:\/\/urlaub-leitner.at\/wordpress\/wp-content\/uploads\/2018\/03\/seebensee-zugspitz-arena-1024x683.jpg 1024w\" sizes=\"auto, (max-width: 1600px) 100vw, 1600px\" \/><\/p>\n<p><strong>Freizeitm\u00f6glichkeiten in der n\u00e4heren Umgebung!<\/strong><\/p>\n<p><u>Sommer:<\/u><\/p>\n<p>Viele Wanderwege und Bergrouten (gef\u00fchrte Bergtouren)<\/p>\n<p>Kindererlebnis Wanderwege<\/p>\n<p>Eldorado f\u00fcr Mountainbiker (gef\u00fchrte Radtouren)<\/p>\n<p>Erlebnis-Schwimmb\u00e4der und Hallenb\u00e4der (mit Wellness, Sauna, Rutschen\u2026)<\/p>\n<p>Gebirgsseen ideal zum Baden, Tauchen, Surfen, Segeln, Fischen und Erholen<\/p>\n<p>Golfplatz<\/p>\n<p>H\u00e4ngebr\u00fccke \u201eHighline B179\u201c<\/p>\n<p>Zahlreiche Ausflugsziele in Nah und Fern<\/p>\n<p><u>Winter:<\/u><\/p>\n<p>Diverse Lifte mit Abfahrten in allen Schwierigkeitsgraden inkl. Beschneiungsanlagen bis ins Tal<\/p>\n<p>(auch Nachtskilauf)<\/p>\n<p>Rodelbahn (auch Nachtrodeln)<\/p>\n<p>Weitl\u00e4ufige Langlaufloipen f\u00fcr Anf\u00e4nger und Profis<\/p>\n<p>Winterwanderwege<\/p>\n","protected":false},"excerpt":{"rendered":"<p>Freizeitm\u00f6glichkeiten im Ort! Sommer: Badesee mit Kinder-Rafting Bahn, Beachvolleyball, Tennis, Minigolf Kletterwald f\u00fcr Jung und Alt Bergroller Verleih (9km Abfahrt!) Tier- und Spielpark Winter: Skischaukel Bichlbach-Berwang-Rinnen, Langlaufloipen, Rodelm\u00f6glichkeiten Skischule f\u00fcr Ski Alpin, Snowboard und Langlauf \/ Bobos Kinder Skischule Eislaufplatz, <a class=\"more-link\" href=\"https:\/\/urlaub-leitner.at\/wordpress\/index.php\/umgebung\/\">Weiterlesen\u00a0\u2026<\/a><\/p>\n","protected":false},"author":1,"featured_media":0,"parent":0,"menu_order":0,"comment_status":"closed","ping_status":"closed","template":"","meta":{"footnotes":""},"class_list":["post-236","page","type-page","status-publish","hentry"],"_links":{"self":[{"href":"https:\/\/urlaub-leitner.at\/wordpress\/index.php\/wp-json\/wp\/v2\/pages\/236","targetHints":{"allow":["GET"]}}],"collection":[{"href":"https:\/\/urlaub-leitner.at\/wordpress\/index.php\/wp-json\/wp\/v2\/pages"}],"about":[{"href":"https:\/\/urlaub-leitner.at\/wordpress\/index.php\/wp-json\/wp\/v2\/types\/page"}],"author":[{"embeddable":true,"href":"https:\/\/urlaub-leitner.at\/wordpress\/index.php\/wp-json\/wp\/v2\/users\/1"}],"replies":[{"embeddable":true,"href":"https:\/\/urlaub-leitner.at\/wordpress\/index.php\/wp-json\/wp\/v2\/comments?post=236"}],"version-history":[{"count":5,"href":"https:\/\/urlaub-leitner.at\/wordpress\/index.php\/wp-json\/wp\/v2\/pages\/236\/revisions"}],"predecessor-version":[{"id":250,"href":"https:\/\/urlaub-leitner.at\/wordpress\/index.php\/wp-json\/wp\/v2\/pages\/236\/revisions\/250"}],"wp:attachment":[{"href":"https:\/\/urlaub-leitner.at\/wordpress\/index.php\/wp-json\/wp\/v2\/media?parent=236"}],"curies":[{"name":"wp","href":"https:\/\/api.w.org\/{rel}","templated":true}]}}