{"id":2,"date":"2016-04-10T11:02:37","date_gmt":"2016-04-10T09:02:37","guid":{"rendered":"http:\/\/urlaub-leitner.at\/wordpress\/?page_id=2"},"modified":"2024-11-11T17:39:07","modified_gmt":"2024-11-11T16:39:07","slug":"beispiel-seite","status":"publish","type":"page","link":"https:\/\/urlaub-leitner.at\/wordpress\/","title":{"rendered":"Unser Hof"},"content":{"rendered":"<p>Die komfortabel ausgestatteten Ferienwohnungen sind gem\u00fctlich und praktisch eingerichtet mit rustikalem Charme und bieten Platz f\u00fcr 2 bis 8 Personen. Also auch genau passend f\u00fcr Familien oder Gruppen.<\/p>\n<p>Im gro\u00dfen, abschlie\u00dfbaren Schi-\/Schuh- und Fahrradraum (inkl. Schuhtrockner) ist genug Platz f\u00fcr alle Urlaubsutensilien und auch die Tischtennisplatte findet dort ihren Platz.<\/p>\n<p>Der Name sagt es schon: das Besondere sind die Tiere auf dem Bauernhof. Zum Anfassen, freundlich und sanft \u2013 manchmal aber auch scheu und gleichzeitig wieder neugierig. Auch sie freuen sich auf Ihren Besuch!<\/p>\n<p>___________________________________________________________________________<\/p>\n<p>Kinder und die Tiere unserer Ranch<\/p>\n<p>Unsere kleinsten G\u00e4ste sind bei uns ganz besonders willkommen. Wer noch nicht tierliebend ist, wird es bestimmt w\u00e4hrend den Ranch-Ferien noch werden!<\/p>\n<p>Die Ziegen (Trixi, Balu, Fl\u00f6cki, Mogli\u2026) sind sehr anh\u00e4nglich und streichelbed\u00fcrftig. In ihnen steckt aber ab und zu auch ein kleiner, frecher Lausbub und sie sind f\u00fcr manche \u00dcberraschung gut.<\/p>\n<p>Im Gegensatz dazu sind die Hasen wesentlich scheuer, aber dadurch auch sehr interessant und vor allem lustig zu beobachten.<\/p>\n<p>Zum Schluss dann noch zu unseren Pferden bzw. Ponys. Wir haben hier eine bunte Herde von klein bis gro\u00df. Wer m\u00f6chte kann bei der Stallarbeit oder beim F\u00fcttern mithelfen und wenn dann von Zeit zu Zeit die Pferde geputzt und gewaschen werden, kann auch tatkr\u00e4ftig mitgeholfen werden \u2013 das Ganze dann immer in Begleitung von unseren Pferdeprofis.<\/p>\n<p>Wer mit Tieren nichts am Hut hat, muss sich bei uns trotzdem nicht langweilen, denn es gibt noch viele Unterhaltungsm\u00f6glichkeiten mehr.<\/p>\n<ul>\n<li>Spielturm mit Rutsche und Schaukel<\/li>\n<li>Gro\u00dfer Sandkasten inkl. Sandspielzeug<\/li>\n<li>Trampolin im gro\u00dfen Garten<\/li>\n<li>Fu\u00dfballtor, Tischtennis<\/li>\n<li>Trettraktoren mit Anh\u00e4ngern und Kettcar<\/li>\n<li>und vor allem sehr viel Platz zum Spielen rund um das Haus bzw. im Garten<\/li>\n<\/ul>\n<p>Spielecke im Haus und diverse B\u00fccher und Spiele zum Ausleihen<\/p>\n","protected":false},"excerpt":{"rendered":"<p>Die komfortabel ausgestatteten Ferienwohnungen sind gem\u00fctlich und praktisch eingerichtet mit rustikalem Charme und bieten Platz f\u00fcr 2 bis 8 Personen. Also auch genau passend f\u00fcr Familien oder Gruppen. Im gro\u00dfen, abschlie\u00dfbaren Schi-\/Schuh- und Fahrradraum (inkl. Schuhtrockner) ist genug Platz f\u00fcr <a class=\"more-link\" href=\"https:\/\/urlaub-leitner.at\/wordpress\/\">Weiterlesen\u00a0\u2026<\/a><\/p>\n","protected":false},"author":1,"featured_media":0,"parent":0,"menu_order":0,"comment_status":"closed","ping_status":"open","template":"","meta":{"footnotes":""},"class_list":["post-2","page","type-page","status-publish","hentry"],"_links":{"self":[{"href":"https:\/\/urlaub-leitner.at\/wordpress\/index.php\/wp-json\/wp\/v2\/pages\/2","targetHints":{"allow":["GET"]}}],"collection":[{"href":"https:\/\/urlaub-leitner.at\/wordpress\/index.php\/wp-json\/wp\/v2\/pages"}],"about":[{"href":"https:\/\/urlaub-leitner.at\/wordpress\/index.php\/wp-json\/wp\/v2\/types\/page"}],"author":[{"embeddable":true,"href":"https:\/\/urlaub-leitner.at\/wordpress\/index.php\/wp-json\/wp\/v2\/users\/1"}],"replies":[{"embeddable":true,"href":"https:\/\/urlaub-leitner.at\/wordpress\/index.php\/wp-json\/wp\/v2\/comments?post=2"}],"version-history":[{"count":4,"href":"https:\/\/urlaub-leitner.at\/wordpress\/index.php\/wp-json\/wp\/v2\/pages\/2\/revisions"}],"predecessor-version":[{"id":315,"href":"https:\/\/urlaub-leitner.at\/wordpress\/index.php\/wp-json\/wp\/v2\/pages\/2\/revisions\/315"}],"wp:attachment":[{"href":"https:\/\/urlaub-leitner.at\/wordpress\/index.php\/wp-json\/wp\/v2\/media?parent=2"}],"curies":[{"name":"wp","href":"https:\/\/api.w.org\/{rel}","templated":true}]}}